{"id":24,"date":"2021-01-28T23:16:21","date_gmt":"2021-01-28T23:16:21","guid":{"rendered":"http:\/\/flourfistsvideogame.com\/?page_id=24"},"modified":"2021-01-30T13:51:22","modified_gmt":"2021-01-30T13:51:22","slug":"credits","status":"publish","type":"page","link":"https:\/\/xn--puosdeharinavideojuego-lec.com\/en\/credits\/","title":{"rendered":"Credits"},"content":{"rendered":"<hr \/>\n<p>&#8220;Fists flour, the seriousgame&#8221; is based on the show &#8220;Fists of flour&#8221; by <a href=\"https:\/\/www.elaedoteatro.com\" target=\"_blank\" rel=\"noopener noreferrer\">El Aedo Teatro<\/a>, powered by <a href=\"https:\/\/ciudaddelasombra.net\" target=\"_blank\" rel=\"noopener noreferrer\">Ciudad de la Sombra<\/a>.<\/p>\n<hr \/>\n<p>&nbsp;<\/p>\n<pre style=\"text-align: center;\"><span data-sheets-value=\"{&quot;1&quot;:2,&quot;2&quot;:&quot;Original Idea&quot;}\" data-sheets-userformat=\"{&quot;2&quot;:4224,&quot;10&quot;:2,&quot;15&quot;:&quot;Arial&quot;}\">Original Idea<\/span><\/pre>\n<h3 style=\"text-align: center;\">Jes\u00fas Torres<\/h3>\n<p>&nbsp;<\/p>\n<pre style=\"text-align: center;\"><span data-sheets-value=\"{&quot;1&quot;:2,&quot;2&quot;:&quot;Videogame Designer&quot;}\" data-sheets-userformat=\"{&quot;2&quot;:4737,&quot;3&quot;:{&quot;1&quot;:0},&quot;10&quot;:2,&quot;12&quot;:0,&quot;15&quot;:&quot;Arial&quot;}\">Videogame Designer<\/span><\/pre>\n<h3 style=\"text-align: center;\">Jose Abell\u00e1n<\/h3>\n<p>&nbsp;<\/p>\n<pre style=\"text-align: center;\"><span data-sheets-value=\"{&quot;1&quot;:2,&quot;2&quot;:&quot;Director&quot;}\" data-sheets-userformat=\"{&quot;2&quot;:4737,&quot;3&quot;:{&quot;1&quot;:0},&quot;10&quot;:2,&quot;12&quot;:0,&quot;15&quot;:&quot;Arial&quot;}\">Director<\/span><\/pre>\n<h3 style=\"text-align: center;\">Jes\u00fas Torres<\/h3>\n<p>&nbsp;<\/p>\n<pre style=\"text-align: center;\"><span data-sheets-value=\"{&quot;1&quot;:2,&quot;2&quot;:&quot;Project Manager&quot;}\" data-sheets-userformat=\"{&quot;2&quot;:4737,&quot;3&quot;:{&quot;1&quot;:0},&quot;10&quot;:2,&quot;12&quot;:0,&quot;15&quot;:&quot;Arial&quot;}\">Project Manager<\/span><\/pre>\n<h3 style=\"text-align: center;\">Jose Abell\u00e1n<\/h3>\n<p>&nbsp;<\/p>\n<pre style=\"text-align: center;\"><span data-sheets-value=\"{&quot;1&quot;:2,&quot;2&quot;:&quot;Developer&quot;}\" data-sheets-userformat=\"{&quot;2&quot;:4224,&quot;10&quot;:2,&quot;15&quot;:&quot;Arial&quot;}\">Developer<\/span><\/pre>\n<h3 style=\"text-align: center;\">David Andr\u00e9s<\/h3>\n<p>&nbsp;<\/p>\n<pre style=\"text-align: center;\">Script<\/pre>\n<h3 style=\"text-align: center;\">Jes\u00fas Torres<br \/>\nAntonio Villar<\/h3>\n<p>&nbsp;<\/p>\n<pre style=\"text-align: center;\"><span data-sheets-value=\"{&quot;1&quot;:2,&quot;2&quot;:&quot;Web Designer&quot;}\" data-sheets-userformat=\"{&quot;2&quot;:513,&quot;3&quot;:{&quot;1&quot;:0},&quot;12&quot;:0}\">Web Designer<\/span><\/pre>\n<h3 style=\"text-align: center;\">David Andr\u00e9s<\/h3>\n<p>&nbsp;<\/p>\n<pre style=\"text-align: center;\"><span data-sheets-value=\"{&quot;1&quot;:2,&quot;2&quot;:&quot;Original Soundtrack&quot;}\" data-sheets-userformat=\"{&quot;2&quot;:4224,&quot;10&quot;:2,&quot;15&quot;:&quot;Arial&quot;}\">Original Soundtrack<\/span><\/pre>\n<h3 style=\"text-align: center;\">Alberto Granados Reguil\u00f3n<\/h3>\n<p>&nbsp;<\/p>\n<pre style=\"text-align: center;\"><span data-sheets-value=\"{&quot;1&quot;:2,&quot;2&quot;:&quot;Map Designer&quot;}\" data-sheets-userformat=\"{&quot;2&quot;:4737,&quot;3&quot;:{&quot;1&quot;:0},&quot;10&quot;:2,&quot;12&quot;:0,&quot;15&quot;:&quot;Arial&quot;}\">Map Designer<\/span><\/pre>\n<h3 style=\"text-align: center;\">Jose Abell\u00e1n<br \/>\nDavid Andr\u00e9s<\/h3>\n<p>&nbsp;<\/p>\n<pre style=\"text-align: center;\"><span data-sheets-value=\"{&quot;1&quot;:2,&quot;2&quot;:&quot;Translation&quot;}\" data-sheets-userformat=\"{&quot;2&quot;:4224,&quot;10&quot;:2,&quot;15&quot;:&quot;Arial&quot;}\">Translation<\/span><\/pre>\n<h3 style=\"text-align: center;\">Giuseppe Potenza<\/h3>\n<p>&nbsp;<\/p>\n<pre style=\"text-align: center;\">Video<\/pre>\n<h3 style=\"text-align: center;\">Elvira Zurita<\/h3>\n<p>&nbsp;<\/p>\n<pre style=\"text-align: center;\"><span data-sheets-value=\"{&quot;1&quot;:2,&quot;2&quot;:&quot;Press&quot;}\" data-sheets-userformat=\"{&quot;2&quot;:4224,&quot;10&quot;:2,&quot;15&quot;:&quot;Arial&quot;}\">Press<\/span><\/pre>\n<h3 style=\"text-align: center;\">Raquel Berini<\/h3>\n<p>&nbsp;<\/p>\n<pre style=\"text-align: center;\"><span data-sheets-value=\"{&quot;1&quot;:2,&quot;2&quot;:&quot;Voices, images and recordings&quot;}\" data-sheets-userformat=\"{&quot;2&quot;:4224,&quot;10&quot;:2,&quot;15&quot;:&quot;Arial&quot;}\">Voices, images and recordings<\/span><\/pre>\n<h3 style=\"text-align: center;\">Antonio M.M.<br \/>\nEva Rodr\u00edguez<br \/>\nDavid S\u00e1nchez Calvo<br \/>\nCarol Delgado<br \/>\nParis Mart\u00edn<br \/>\nJes\u00fas D\u00edaz Cort\u00e9s<br \/>\nDiego Olivares<br \/>\nCristina Torres<\/h3>\n<p>&nbsp;<\/p>\n<pre style=\"text-align: center;\"><span data-sheets-value=\"{&quot;1&quot;:2,&quot;2&quot;:&quot;With the support of&quot;}\" data-sheets-userformat=\"{&quot;2&quot;:4224,&quot;10&quot;:2,&quot;15&quot;:&quot;Arial&quot;}\">With the support of<\/span><\/pre>\n<h3 style=\"text-align: center;\">AECID<br \/>\nINAEM<br \/>\nJunta de Andaluc\u00eda<br \/>\nComunidad de Madrid<br \/>\nFondo Europeo de Desarrollo Regional (FEDER)<\/h3>\n","protected":false},"excerpt":{"rendered":"<p>&#8220;Fists flour, the seriousgame&#8221; is based on the show &#8220;Fists of flour&#8221; by El Aedo Teatro, powered by Ciudad de la Sombra. &nbsp; Original Idea Jes\u00fas Torres &nbsp; Videogame Designer Jose Abell\u00e1n &nbsp; Director Jes\u00fas Torres &nbsp; Project Manager Jose Abell\u00e1n &nbsp; Developer David Andr\u00e9s &nbsp; Script Jes\u00fas Torres Antonio Villar &nbsp; Web Designer David [&hellip;]<\/p>\n","protected":false},"author":1,"featured_media":0,"parent":0,"menu_order":0,"comment_status":"closed","ping_status":"closed","template":"","meta":{"footnotes":""},"yoast_head":"<!-- This site is optimized with the Yoast SEO plugin v21.8 - https:\/\/yoast.com\/wordpress\/plugins\/seo\/ -->\n<title>Credits - Pu\u00f1os de Harina: Edici\u00f3n Serious Game<\/title>\n<meta name=\"robots\" content=\"index, follow, max-snippet:-1, max-image-preview:large, max-video-preview:-1\" \/>\n<link rel=\"canonical\" href=\"https:\/\/xn--puosdeharinavideojuego-lec.com\/en\/credits\/\" \/>\n<meta property=\"og:locale\" content=\"en_US\" \/>\n<meta property=\"og:type\" content=\"article\" \/>\n<meta property=\"og:title\" content=\"Credits - Pu\u00f1os de Harina: Edici\u00f3n Serious Game\" \/>\n<meta property=\"og:description\" content=\"&#8220;Fists flour, the seriousgame&#8221; is based on the show &#8220;Fists of flour&#8221; by El Aedo Teatro, powered by Ciudad de la Sombra. &nbsp; Original Idea Jes\u00fas Torres &nbsp; Videogame Designer Jose Abell\u00e1n &nbsp; Director Jes\u00fas Torres &nbsp; Project Manager Jose Abell\u00e1n &nbsp; Developer David Andr\u00e9s &nbsp; Script Jes\u00fas Torres Antonio Villar &nbsp; Web Designer David [&hellip;]\" \/>\n<meta property=\"og:url\" content=\"https:\/\/xn--puosdeharinavideojuego-lec.com\/en\/credits\/\" \/>\n<meta property=\"og:site_name\" content=\"Pu\u00f1os de Harina: Edici\u00f3n Serious Game\" \/>\n<meta property=\"article:modified_time\" content=\"2021-01-30T13:51:22+00:00\" \/>\n<meta name=\"twitter:card\" content=\"summary_large_image\" \/>\n<meta name=\"twitter:label1\" content=\"Est. reading time\" \/>\n\t<meta name=\"twitter:data1\" content=\"1 minute\" \/>\n<script type=\"application\/ld+json\" class=\"yoast-schema-graph\">{\"@context\":\"https:\/\/schema.org\",\"@graph\":[{\"@type\":\"WebPage\",\"@id\":\"https:\/\/xn--puosdeharinavideojuego-lec.com\/en\/credits\/\",\"url\":\"https:\/\/xn--puosdeharinavideojuego-lec.com\/en\/credits\/\",\"name\":\"Credits - Pu\u00f1os de Harina: Edici\u00f3n Serious Game\",\"isPartOf\":{\"@id\":\"https:\/\/xn--puosdeharinavideojuego-lec.com\/#website\"},\"datePublished\":\"2021-01-28T23:16:21+00:00\",\"dateModified\":\"2021-01-30T13:51:22+00:00\",\"breadcrumb\":{\"@id\":\"https:\/\/xn--puosdeharinavideojuego-lec.com\/en\/credits\/#breadcrumb\"},\"inLanguage\":\"en-US\",\"potentialAction\":[{\"@type\":\"ReadAction\",\"target\":[\"https:\/\/xn--puosdeharinavideojuego-lec.com\/en\/credits\/\"]}]},{\"@type\":\"BreadcrumbList\",\"@id\":\"https:\/\/xn--puosdeharinavideojuego-lec.com\/en\/credits\/#breadcrumb\",\"itemListElement\":[{\"@type\":\"ListItem\",\"position\":1,\"name\":\"Home\",\"item\":\"https:\/\/xn--puosdeharinavideojuego-lec.com\/en\/\"},{\"@type\":\"ListItem\",\"position\":2,\"name\":\"Credits\"}]},{\"@type\":\"WebSite\",\"@id\":\"https:\/\/xn--puosdeharinavideojuego-lec.com\/#website\",\"url\":\"https:\/\/xn--puosdeharinavideojuego-lec.com\/\",\"name\":\"Pu\u00f1os de Harina: Edici\u00f3n Serious Game\",\"description\":\"\u00bfQu\u00e9 significa ser un hombre de verdad?\",\"potentialAction\":[{\"@type\":\"SearchAction\",\"target\":{\"@type\":\"EntryPoint\",\"urlTemplate\":\"https:\/\/xn--puosdeharinavideojuego-lec.com\/?s={search_term_string}\"},\"query-input\":\"required name=search_term_string\"}],\"inLanguage\":\"en-US\"}]}<\/script>\n<!-- \/ Yoast SEO plugin. -->","yoast_head_json":{"title":"Credits - Pu\u00f1os de Harina: Edici\u00f3n Serious Game","robots":{"index":"index","follow":"follow","max-snippet":"max-snippet:-1","max-image-preview":"max-image-preview:large","max-video-preview":"max-video-preview:-1"},"canonical":"https:\/\/xn--puosdeharinavideojuego-lec.com\/en\/credits\/","og_locale":"en_US","og_type":"article","og_title":"Credits - Pu\u00f1os de Harina: Edici\u00f3n Serious Game","og_description":"&#8220;Fists flour, the seriousgame&#8221; is based on the show &#8220;Fists of flour&#8221; by El Aedo Teatro, powered by Ciudad de la Sombra. &nbsp; Original Idea Jes\u00fas Torres &nbsp; Videogame Designer Jose Abell\u00e1n &nbsp; Director Jes\u00fas Torres &nbsp; Project Manager Jose Abell\u00e1n &nbsp; Developer David Andr\u00e9s &nbsp; Script Jes\u00fas Torres Antonio Villar &nbsp; Web Designer David [&hellip;]","og_url":"https:\/\/xn--puosdeharinavideojuego-lec.com\/en\/credits\/","og_site_name":"Pu\u00f1os de Harina: Edici\u00f3n Serious Game","article_modified_time":"2021-01-30T13:51:22+00:00","twitter_card":"summary_large_image","twitter_misc":{"Est. reading time":"1 minute"},"schema":{"@context":"https:\/\/schema.org","@graph":[{"@type":"WebPage","@id":"https:\/\/xn--puosdeharinavideojuego-lec.com\/en\/credits\/","url":"https:\/\/xn--puosdeharinavideojuego-lec.com\/en\/credits\/","name":"Credits - Pu\u00f1os de Harina: Edici\u00f3n Serious Game","isPartOf":{"@id":"https:\/\/xn--puosdeharinavideojuego-lec.com\/#website"},"datePublished":"2021-01-28T23:16:21+00:00","dateModified":"2021-01-30T13:51:22+00:00","breadcrumb":{"@id":"https:\/\/xn--puosdeharinavideojuego-lec.com\/en\/credits\/#breadcrumb"},"inLanguage":"en-US","potentialAction":[{"@type":"ReadAction","target":["https:\/\/xn--puosdeharinavideojuego-lec.com\/en\/credits\/"]}]},{"@type":"BreadcrumbList","@id":"https:\/\/xn--puosdeharinavideojuego-lec.com\/en\/credits\/#breadcrumb","itemListElement":[{"@type":"ListItem","position":1,"name":"Home","item":"https:\/\/xn--puosdeharinavideojuego-lec.com\/en\/"},{"@type":"ListItem","position":2,"name":"Credits"}]},{"@type":"WebSite","@id":"https:\/\/xn--puosdeharinavideojuego-lec.com\/#website","url":"https:\/\/xn--puosdeharinavideojuego-lec.com\/","name":"Pu\u00f1os de Harina: Edici\u00f3n Serious Game","description":"\u00bfQu\u00e9 significa ser un hombre de verdad?","potentialAction":[{"@type":"SearchAction","target":{"@type":"EntryPoint","urlTemplate":"https:\/\/xn--puosdeharinavideojuego-lec.com\/?s={search_term_string}"},"query-input":"required name=search_term_string"}],"inLanguage":"en-US"}]}},"_links":{"self":[{"href":"https:\/\/xn--puosdeharinavideojuego-lec.com\/en\/wp-json\/wp\/v2\/pages\/24"}],"collection":[{"href":"https:\/\/xn--puosdeharinavideojuego-lec.com\/en\/wp-json\/wp\/v2\/pages"}],"about":[{"href":"https:\/\/xn--puosdeharinavideojuego-lec.com\/en\/wp-json\/wp\/v2\/types\/page"}],"author":[{"embeddable":true,"href":"https:\/\/xn--puosdeharinavideojuego-lec.com\/en\/wp-json\/wp\/v2\/users\/1"}],"replies":[{"embeddable":true,"href":"https:\/\/xn--puosdeharinavideojuego-lec.com\/en\/wp-json\/wp\/v2\/comments?post=24"}],"version-history":[{"count":5,"href":"https:\/\/xn--puosdeharinavideojuego-lec.com\/en\/wp-json\/wp\/v2\/pages\/24\/revisions"}],"predecessor-version":[{"id":78,"href":"https:\/\/xn--puosdeharinavideojuego-lec.com\/en\/wp-json\/wp\/v2\/pages\/24\/revisions\/78"}],"wp:attachment":[{"href":"https:\/\/xn--puosdeharinavideojuego-lec.com\/en\/wp-json\/wp\/v2\/media?parent=24"}],"curies":[{"name":"wp","href":"https:\/\/api.w.org\/{rel}","templated":true}]}}